{"id":30,"date":"2020-04-13T11:18:54","date_gmt":"2020-04-13T11:18:54","guid":{"rendered":"https:\/\/bonheurkebap.ma\/?page_id=30"},"modified":"2024-11-30T11:16:02","modified_gmt":"2024-11-30T11:16:02","slug":"berliner-kebab-berliner-kebap","status":"publish","type":"page","link":"https:\/\/bonheurkebap.ma\/","title":{"rendered":""},"content":{"rendered":"\t\t<div data-elementor-type=\"wp-page\" data-elementor-id=\"30\" class=\"elementor elementor-30\">\n\t\t\t\t\t\t<section class=\"elementor-section elementor-top-section elementor-element elementor-element-3b9ef37 elementor-hidden-desktop elementor-hidden-tablet elementor-section-boxed elementor-section-height-default elementor-section-height-default\" data-id=\"3b9ef37\" data-element_type=\"section\" data-e-type=\"section\" data-settings=\"{&quot;background_background&quot;:&quot;classic&quot;}\">\n\t\t\t\t\t\t<div class=\"elementor-container elementor-column-gap-default\">\n\t\t\t\t\t<div class=\"elementor-column elementor-col-50 elementor-top-column elementor-element elementor-element-572bed7\" data-id=\"572bed7\" data-element_type=\"column\" data-e-type=\"column\">\n\t\t\t<div class=\"elementor-widget-wrap elementor-element-populated\">\n\t\t\t\t\t\t<div class=\"elementor-element elementor-element-0c3dd4c elementor-widget elementor-widget-theme-site-logo\" data-id=\"0c3dd4c\" data-element_type=\"widget\" data-e-type=\"widget\" data-widget_type=\"theme-site-logo.default\">\n\t\t\t\t<div class=\"elementor-widget-container\">\n\t\t\t\t\t \t\t\t\t<\/div>\n\t\t\t\t<\/div>\n\t\t\t\t\t<\/div>\n\t\t<\/div>\n\t\t\t\t<div class=\"elementor-column elementor-col-50 elementor-top-column elementor-element elementor-element-7a4f6a2\" data-id=\"7a4f6a2\" data-element_type=\"column\" data-e-type=\"column\">\n\t\t\t<div class=\"elementor-widget-wrap\">\n\t\t\t\t\t\t\t<\/div>\n\t\t<\/div>\n\t\t\t\t\t<\/div>\n\t\t<\/section>\n\t\t\t\t<section class=\"elementor-section elementor-top-section elementor-element elementor-element-7e21b87 elementor-section-boxed elementor-section-height-default elementor-section-height-default\" data-id=\"7e21b87\" data-element_type=\"section\" data-e-type=\"section\" data-settings=\"{&quot;background_background&quot;:&quot;classic&quot;}\">\n\t\t\t\t\t\t<div class=\"elementor-container elementor-column-gap-no\">\n\t\t\t\t\t<div class=\"elementor-column elementor-col-100 elementor-top-column elementor-element elementor-element-9d56d2d\" data-id=\"9d56d2d\" data-element_type=\"column\" data-e-type=\"column\">\n\t\t\t<div class=\"elementor-widget-wrap elementor-element-populated\">\n\t\t\t\t\t\t<div class=\"elementor-element elementor-element-ad43db6 elementor-widget elementor-widget-spacer\" data-id=\"ad43db6\" data-element_type=\"widget\" data-e-type=\"widget\" data-widget_type=\"spacer.default\">\n\t\t\t\t<div class=\"elementor-widget-container\">\n\t\t\t\t\t\t\t<div class=\"elementor-spacer\">\n\t\t\t<div class=\"elementor-spacer-inner\"><\/div>\n\t\t<\/div>\n\t\t\t\t\t\t<\/div>\n\t\t\t\t<\/div>\n\t\t\t\t<div class=\"elementor-element elementor-element-b31753f elementor-shape-circle e-grid-align-mobile-right elementor-grid-0 e-grid-align-center elementor-widget elementor-widget-social-icons\" data-id=\"b31753f\" data-element_type=\"widget\" data-e-type=\"widget\" data-widget_type=\"social-icons.default\">\n\t\t\t\t<div class=\"elementor-widget-container\">\n\t\t\t\t\t\t\t<div class=\"elementor-social-icons-wrapper elementor-grid\" role=\"list\">\n\t\t\t\t\t\t\t<span class=\"elementor-grid-item\" role=\"listitem\">\n\t\t\t\t\t<a class=\"elementor-icon elementor-social-icon elementor-social-icon-facebook elementor-repeater-item-89b08d0\" href=\"https:\/\/www.facebook.com\/bonheurkebap\" target=\"_blank\">\n\t\t\t\t\t\t<span class=\"elementor-screen-only\">Facebook<\/span>\n\t\t\t\t\t\t<i aria-hidden=\"true\" class=\"fab fa-facebook\"><\/i>\t\t\t\t\t<\/a>\n\t\t\t\t<\/span>\n\t\t\t\t\t\t\t<span class=\"elementor-grid-item\" role=\"listitem\">\n\t\t\t\t\t<a class=\"elementor-icon elementor-social-icon elementor-social-icon-instagram elementor-repeater-item-855fdf7\" href=\"https:\/\/www.instagram.com\/bonheurkebap\" target=\"_blank\">\n\t\t\t\t\t\t<span class=\"elementor-screen-only\">Instagram<\/span>\n\t\t\t\t\t\t<i aria-hidden=\"true\" class=\"fab fa-instagram\"><\/i>\t\t\t\t\t<\/a>\n\t\t\t\t<\/span>\n\t\t\t\t\t\t\t<span class=\"elementor-grid-item\" role=\"listitem\">\n\t\t\t\t\t<a class=\"elementor-icon elementor-social-icon elementor-social-icon-tripadvisor elementor-repeater-item-0bbbab8\" href=\"https:\/\/www.tripadvisor.com\/Restaurant_Review-g293732-d24073018-Reviews-Bonheur_Berliner_Kebap-Casablanca_Casablanca_Settat.html?m=19905\" target=\"_blank\">\n\t\t\t\t\t\t<span class=\"elementor-screen-only\">Tripadvisor<\/span>\n\t\t\t\t\t\t<i aria-hidden=\"true\" class=\"fab fa-tripadvisor\"><\/i>\t\t\t\t\t<\/a>\n\t\t\t\t<\/span>\n\t\t\t\t\t<\/div>\n\t\t\t\t\t\t<\/div>\n\t\t\t\t<\/div>\n\t\t\t\t<div class=\"elementor-element elementor-element-2023b7c elementor-widget elementor-widget-spacer\" data-id=\"2023b7c\" data-element_type=\"widget\" data-e-type=\"widget\" data-widget_type=\"spacer.default\">\n\t\t\t\t<div class=\"elementor-widget-container\">\n\t\t\t\t\t\t\t<div class=\"elementor-spacer\">\n\t\t\t<div class=\"elementor-spacer-inner\"><\/div>\n\t\t<\/div>\n\t\t\t\t\t\t<\/div>\n\t\t\t\t<\/div>\n\t\t\t\t<div class=\"elementor-element elementor-element-c986077 elementor-align-center elementor-hidden-mobile elementor-invisible elementor-widget elementor-widget-glf_elementor_widget_ordering\" data-id=\"c986077\" data-element_type=\"widget\" data-e-type=\"widget\" data-settings=\"{&quot;_animation&quot;:&quot;bounceInDown&quot;}\" data-widget_type=\"glf_elementor_widget_ordering.default\">\n\t\t\t\t<div class=\"elementor-widget-container\">\n\t\t\t\t\t            <div class=\"elementor-button-wrapper\">\n\t\t\t<a class=\"elementor-button elementor-glf-button elementor-size-xl\" role=\"button\" data-glf-cuid=\"\" data-glf-ruid=\"7492fb9b-dca4-4bde-976c-ab9f92a44af4\" >\n                                 <span class=\"elementor-button-content-wrapper\">\n\t\t\t\t\t\t<span class=\"elementor-button-text\">ORDERS B\u00d6NHEUR GAUTHIER<\/span>\n\t\t<\/span>\n                                            <script src=\"https:\/\/www.fbgcdn.com\/embedder\/js\/ewm2.js\" defer async><\/script>\n\t\t\t<\/a>\n\t\t<\/div>\n            \t\t\t\t<\/div>\n\t\t\t\t<\/div>\n\t\t\t\t<div class=\"elementor-element elementor-element-07dd257 elementor-align-center elementor-hidden-mobile elementor-invisible elementor-widget elementor-widget-glf_elementor_widget_ordering\" data-id=\"07dd257\" data-element_type=\"widget\" data-e-type=\"widget\" data-settings=\"{&quot;_animation&quot;:&quot;bounceInDown&quot;}\" data-widget_type=\"glf_elementor_widget_ordering.default\">\n\t\t\t\t<div class=\"elementor-widget-container\">\n\t\t\t\t\t            <div class=\"elementor-button-wrapper\">\n\t\t\t<a class=\"elementor-button elementor-glf-button elementor-size-xl\" role=\"button\" data-glf-cuid=\"\" data-glf-ruid=\"70dea6b7-1297-4ef5-8f36-95f7aa07f8f5\" >\n                                 <span class=\"elementor-button-content-wrapper\">\n\t\t\t\t\t\t<span class=\"elementor-button-text\">ORDERS B\u00d6NHEUR AERIA MALL CFC<\/span>\n\t\t<\/span>\n                                            <script src=\"https:\/\/www.fbgcdn.com\/embedder\/js\/ewm2.js\" defer async><\/script>\n\t\t\t<\/a>\n\t\t<\/div>\n            \t\t\t\t<\/div>\n\t\t\t\t<\/div>\n\t\t\t\t<div class=\"elementor-element elementor-element-21e6733 elementor-align-center elementor-hidden-mobile elementor-invisible elementor-widget elementor-widget-glf_elementor_widget_ordering\" data-id=\"21e6733\" data-element_type=\"widget\" data-e-type=\"widget\" data-settings=\"{&quot;_animation&quot;:&quot;bounceInDown&quot;}\" data-widget_type=\"glf_elementor_widget_ordering.default\">\n\t\t\t\t<div class=\"elementor-widget-container\">\n\t\t\t\t\t            <div class=\"elementor-button-wrapper\">\n\t\t\t<a class=\"elementor-button elementor-glf-button elementor-size-xl\" role=\"button\" data-glf-cuid=\"\" data-glf-ruid=\"ff384a6a-23c2-4b62-bd4e-d6264c501dd4\" >\n                                 <span class=\"elementor-button-content-wrapper\">\n\t\t\t\t\t\t<span class=\"elementor-button-text\">ORDERS B\u00d6NHEUR BOUSKOURA<\/span>\n\t\t<\/span>\n                                            <script src=\"https:\/\/www.fbgcdn.com\/embedder\/js\/ewm2.js\" defer async><\/script>\n\t\t\t<\/a>\n\t\t<\/div>\n            \t\t\t\t<\/div>\n\t\t\t\t<\/div>\n\t\t\t\t<div class=\"elementor-element elementor-element-dbe4b81 elementor-widget elementor-widget-spacer\" data-id=\"dbe4b81\" data-element_type=\"widget\" data-e-type=\"widget\" data-widget_type=\"spacer.default\">\n\t\t\t\t<div class=\"elementor-widget-container\">\n\t\t\t\t\t\t\t<div class=\"elementor-spacer\">\n\t\t\t<div class=\"elementor-spacer-inner\"><\/div>\n\t\t<\/div>\n\t\t\t\t\t\t<\/div>\n\t\t\t\t<\/div>\n\t\t\t\t<div class=\"elementor-element elementor-element-16fc206 elementor-align-center elementor-hidden-desktop elementor-hidden-tablet elementor-invisible elementor-widget elementor-widget-glf_elementor_widget_ordering\" data-id=\"16fc206\" data-element_type=\"widget\" data-e-type=\"widget\" data-settings=\"{&quot;_animation&quot;:&quot;bounceInDown&quot;}\" data-widget_type=\"glf_elementor_widget_ordering.default\">\n\t\t\t\t<div class=\"elementor-widget-container\">\n\t\t\t\t\t            <div class=\"elementor-button-wrapper\">\n\t\t\t<a class=\"elementor-button elementor-glf-button elementor-size-xl\" role=\"button\" data-glf-cuid=\"\" data-glf-ruid=\"7492fb9b-dca4-4bde-976c-ab9f92a44af4\" >\n                                 <span class=\"elementor-button-content-wrapper\">\n\t\t\t\t\t\t<span class=\"elementor-button-text\">orders gauthier<\/span>\n\t\t<\/span>\n                                            <script src=\"https:\/\/www.fbgcdn.com\/embedder\/js\/ewm2.js\" defer async><\/script>\n\t\t\t<\/a>\n\t\t<\/div>\n            \t\t\t\t<\/div>\n\t\t\t\t<\/div>\n\t\t\t\t<div class=\"elementor-element elementor-element-0a28032 elementor-widget elementor-widget-spacer\" data-id=\"0a28032\" data-element_type=\"widget\" data-e-type=\"widget\" data-widget_type=\"spacer.default\">\n\t\t\t\t<div class=\"elementor-widget-container\">\n\t\t\t\t\t\t\t<div class=\"elementor-spacer\">\n\t\t\t<div class=\"elementor-spacer-inner\"><\/div>\n\t\t<\/div>\n\t\t\t\t\t\t<\/div>\n\t\t\t\t<\/div>\n\t\t\t\t<div class=\"elementor-element elementor-element-0c7a3d5 elementor-align-center elementor-hidden-desktop elementor-hidden-tablet elementor-invisible elementor-widget elementor-widget-glf_elementor_widget_ordering\" data-id=\"0c7a3d5\" data-element_type=\"widget\" data-e-type=\"widget\" data-settings=\"{&quot;_animation&quot;:&quot;bounceInDown&quot;}\" data-widget_type=\"glf_elementor_widget_ordering.default\">\n\t\t\t\t<div class=\"elementor-widget-container\">\n\t\t\t\t\t            <div class=\"elementor-button-wrapper\">\n\t\t\t<a class=\"elementor-button elementor-glf-button elementor-size-xl\" role=\"button\" data-glf-cuid=\"\" data-glf-ruid=\"70dea6b7-1297-4ef5-8f36-95f7aa07f8f5\" >\n                                 <span class=\"elementor-button-content-wrapper\">\n\t\t\t\t\t\t<span class=\"elementor-button-text\">orders aeria mall CFC<\/span>\n\t\t<\/span>\n                                            <script src=\"https:\/\/www.fbgcdn.com\/embedder\/js\/ewm2.js\" defer async><\/script>\n\t\t\t<\/a>\n\t\t<\/div>\n            \t\t\t\t<\/div>\n\t\t\t\t<\/div>\n\t\t\t\t<div class=\"elementor-element elementor-element-25f49a6 elementor-widget elementor-widget-spacer\" data-id=\"25f49a6\" data-element_type=\"widget\" data-e-type=\"widget\" data-widget_type=\"spacer.default\">\n\t\t\t\t<div class=\"elementor-widget-container\">\n\t\t\t\t\t\t\t<div class=\"elementor-spacer\">\n\t\t\t<div class=\"elementor-spacer-inner\"><\/div>\n\t\t<\/div>\n\t\t\t\t\t\t<\/div>\n\t\t\t\t<\/div>\n\t\t\t\t<div class=\"elementor-element elementor-element-6c60ddd elementor-align-center elementor-hidden-desktop elementor-hidden-tablet elementor-invisible elementor-widget elementor-widget-glf_elementor_widget_ordering\" data-id=\"6c60ddd\" data-element_type=\"widget\" data-e-type=\"widget\" data-settings=\"{&quot;_animation&quot;:&quot;bounceInDown&quot;}\" data-widget_type=\"glf_elementor_widget_ordering.default\">\n\t\t\t\t<div class=\"elementor-widget-container\">\n\t\t\t\t\t            <div class=\"elementor-button-wrapper\">\n\t\t\t<a class=\"elementor-button elementor-glf-button elementor-size-xl\" role=\"button\" data-glf-cuid=\"\" data-glf-ruid=\"ff384a6a-23c2-4b62-bd4e-d6264c501dd4\" >\n                                 <span class=\"elementor-button-content-wrapper\">\n\t\t\t\t\t\t<span class=\"elementor-button-text\">orders bouskoura<\/span>\n\t\t<\/span>\n                                            <script src=\"https:\/\/www.fbgcdn.com\/embedder\/js\/ewm2.js\" defer async><\/script>\n\t\t\t<\/a>\n\t\t<\/div>\n            \t\t\t\t<\/div>\n\t\t\t\t<\/div>\n\t\t\t\t\t<\/div>\n\t\t<\/div>\n\t\t\t\t\t<\/div>\n\t\t<\/section>\n\t\t\t\t<section class=\"elementor-section elementor-top-section elementor-element elementor-element-49b6f6ab elementor-section-content-middle elementor-section-boxed elementor-section-height-default elementor-section-height-default\" data-id=\"49b6f6ab\" data-element_type=\"section\" data-e-type=\"section\" data-settings=\"{&quot;background_background&quot;:&quot;classic&quot;}\">\n\t\t\t\t\t\t<div class=\"elementor-container elementor-column-gap-no\">\n\t\t\t\t\t<div class=\"elementor-column elementor-col-100 elementor-top-column elementor-element elementor-element-7620fcd2\" data-id=\"7620fcd2\" data-element_type=\"column\" data-e-type=\"column\">\n\t\t\t<div class=\"elementor-widget-wrap elementor-element-populated\">\n\t\t\t\t\t\t<div class=\"elementor-element elementor-element-5dd202a elementor-widget elementor-widget-spacer\" data-id=\"5dd202a\" data-element_type=\"widget\" data-e-type=\"widget\" data-widget_type=\"spacer.default\">\n\t\t\t\t<div class=\"elementor-widget-container\">\n\t\t\t\t\t\t\t<div class=\"elementor-spacer\">\n\t\t\t<div class=\"elementor-spacer-inner\"><\/div>\n\t\t<\/div>\n\t\t\t\t\t\t<\/div>\n\t\t\t\t<\/div>\n\t\t\t\t<div class=\"elementor-element elementor-element-c1b73ac elementor-widget elementor-widget-spacer\" data-id=\"c1b73ac\" data-element_type=\"widget\" data-e-type=\"widget\" data-widget_type=\"spacer.default\">\n\t\t\t\t<div class=\"elementor-widget-container\">\n\t\t\t\t\t\t\t<div class=\"elementor-spacer\">\n\t\t\t<div class=\"elementor-spacer-inner\"><\/div>\n\t\t<\/div>\n\t\t\t\t\t\t<\/div>\n\t\t\t\t<\/div>\n\t\t\t\t\t<\/div>\n\t\t<\/div>\n\t\t\t\t\t<\/div>\n\t\t<\/section>\n\t\t\t\t<section class=\"elementor-section elementor-top-section elementor-element elementor-element-7e27693 elementor-hidden-desktop elementor-hidden-tablet elementor-hidden-mobile elementor-section-boxed elementor-section-height-default elementor-section-height-default\" data-id=\"7e27693\" data-element_type=\"section\" data-e-type=\"section\" data-settings=\"{&quot;background_background&quot;:&quot;classic&quot;}\">\n\t\t\t\t\t\t<div class=\"elementor-container elementor-column-gap-default\">\n\t\t\t\t\t<div class=\"elementor-column elementor-col-50 elementor-top-column elementor-element elementor-element-7d8dbba\" data-id=\"7d8dbba\" data-element_type=\"column\" data-e-type=\"column\">\n\t\t\t<div class=\"elementor-widget-wrap elementor-element-populated\">\n\t\t\t\t\t\t<div class=\"elementor-element elementor-element-34313c6 elementor-widget elementor-widget-theme-site-logo\" data-id=\"34313c6\" data-element_type=\"widget\" data-e-type=\"widget\" data-widget_type=\"theme-site-logo.default\">\n\t\t\t\t<div class=\"elementor-widget-container\">\n\t\t\t\t\t \t\t\t\t<\/div>\n\t\t\t\t<\/div>\n\t\t\t\t\t<\/div>\n\t\t<\/div>\n\t\t\t\t<div class=\"elementor-column elementor-col-50 elementor-top-column elementor-element elementor-element-e288915\" data-id=\"e288915\" data-element_type=\"column\" data-e-type=\"column\">\n\t\t\t<div class=\"elementor-widget-wrap elementor-element-populated\">\n\t\t\t\t\t\t<div class=\"elementor-element elementor-element-f6bc5e4 elementor-mobile-align-right elementor-widget-mobile__width-auto elementor-widget elementor-widget-glf_elementor_widget_ordering\" data-id=\"f6bc5e4\" data-element_type=\"widget\" data-e-type=\"widget\" data-widget_type=\"glf_elementor_widget_ordering.default\">\n\t\t\t\t<div class=\"elementor-widget-container\">\n\t\t\t\t\t            <div class=\"elementor-button-wrapper\">\n\t\t\t<a class=\"elementor-button elementor-glf-button elementor-size-sm\" role=\"button\" data-glf-cuid=\"\" data-glf-ruid=\"ff384a6a-23c2-4b62-bd4e-d6264c501dd4\" >\n                                 <span class=\"elementor-button-content-wrapper\">\n\t\t\t\t\t\t<span class=\"elementor-button-text\">See MENU & Order<\/span>\n\t\t<\/span>\n                                            <script src=\"https:\/\/www.fbgcdn.com\/embedder\/js\/ewm2.js\" defer async><\/script>\n\t\t\t<\/a>\n\t\t<\/div>\n            \t\t\t\t<\/div>\n\t\t\t\t<\/div>\n\t\t\t\t\t<\/div>\n\t\t<\/div>\n\t\t\t\t\t<\/div>\n\t\t<\/section>\n\t\t\t\t<section class=\"elementor-section elementor-top-section elementor-element elementor-element-5e4202b elementor-section-boxed elementor-section-height-default elementor-section-height-default\" data-id=\"5e4202b\" data-element_type=\"section\" data-e-type=\"section\">\n\t\t\t\t\t\t<div class=\"elementor-container elementor-column-gap-default\">\n\t\t\t\t\t<div class=\"elementor-column elementor-col-100 elementor-top-column elementor-element elementor-element-5aef54d\" data-id=\"5aef54d\" data-element_type=\"column\" data-e-type=\"column\">\n\t\t\t<div class=\"elementor-widget-wrap elementor-element-populated\">\n\t\t\t\t\t\t<div class=\"elementor-element elementor-element-5a4e673 elementor-widget elementor-widget-spacer\" data-id=\"5a4e673\" data-element_type=\"widget\" data-e-type=\"widget\" data-widget_type=\"spacer.default\">\n\t\t\t\t<div class=\"elementor-widget-container\">\n\t\t\t\t\t\t\t<div class=\"elementor-spacer\">\n\t\t\t<div class=\"elementor-spacer-inner\"><\/div>\n\t\t<\/div>\n\t\t\t\t\t\t<\/div>\n\t\t\t\t<\/div>\n\t\t\t\t\t<\/div>\n\t\t<\/div>\n\t\t\t\t\t<\/div>\n\t\t<\/section>\n\t\t\t\t<\/div>\n\t\t","protected":false},"excerpt":{"rendered":"<p>Facebook Instagram Tripadvisor ORDERS B\u00d6NHEUR GAUTHIER ORDERS B\u00d6NHEUR AERIA MALL CFC ORDERS B\u00d6NHEUR BOUSKOURA orders gauthier orders aeria mall CFC orders bouskoura See MENU &#038; Order<\/p>\n","protected":false},"author":1,"featured_media":0,"parent":0,"menu_order":0,"comment_status":"closed","ping_status":"closed","template":"","meta":{"site-sidebar-layout":"no-sidebar","site-content-layout":"page-builder","ast-main-header-display":"","ast-hfb-above-header-display":"","ast-hfb-below-header-display":"","ast-hfb-mobile-header-display":"","site-post-title":"disabled","ast-breadcrumbs-content":"","ast-featured-img":"","footer-sml-layout":"","theme-transparent-header-meta":"enabled","adv-header-id-meta":"","stick-header-meta":"","header-above-stick-meta":"","header-main-stick-meta":"","header-below-stick-meta":"","footnotes":""},"class_list":["post-30","page","type-page","status-publish","hentry"],"yoast_head":"<!-- This site is optimized with the Yoast SEO Premium plugin v18.5 (Yoast SEO v22.1) - https:\/\/yoast.com\/wordpress\/plugins\/seo\/ -->\n<title>- bonheur berliner kebap.<\/title>\n<meta name=\"description\" content=\"Kebab Casablanca 1er berliner kebap du maroc distributeur de b\u00f6nheur d\u00f6ner kebap Restaurant .\" \/>\n<meta name=\"robots\" content=\"index, follow, max-snippet:-1, max-image-preview:large, max-video-preview:-1\" \/>\n<link rel=\"canonical\" href=\"https:\/\/bonheurkebap.ma\/\" \/>\n<meta property=\"og:locale\" content=\"en_US\" \/>\n<meta property=\"og:type\" content=\"article\" \/>\n<meta property=\"og:description\" content=\"Kebab Casablanca 1er berliner kebap du maroc distributeur de b\u00f6nheur d\u00f6ner kebap Restaurant .\" \/>\n<meta property=\"og:url\" content=\"https:\/\/bonheurkebap.ma\/\" \/>\n<meta property=\"og:site_name\" content=\"bonheur berliner kebap.\" \/>\n<meta property=\"article:publisher\" content=\"https:\/\/www.facebook.com\/bonheurkebap\" \/>\n<meta property=\"article:modified_time\" content=\"2024-11-30T11:16:02+00:00\" \/>\n<meta name=\"twitter:card\" content=\"summary_large_image\" \/>\n<meta name=\"twitter:label1\" content=\"Est. reading time\" \/>\n\t<meta name=\"twitter:data1\" content=\"1 minute\" \/>\n<!-- \/ Yoast SEO Premium plugin. -->","yoast_head_json":{"title":"- bonheur berliner kebap.","description":"Kebab Casablanca 1er berliner kebap du maroc distributeur de b\u00f6nheur d\u00f6ner kebap Restaurant .","robots":{"index":"index","follow":"follow","max-snippet":"max-snippet:-1","max-image-preview":"max-image-preview:large","max-video-preview":"max-video-preview:-1"},"canonical":"https:\/\/bonheurkebap.ma\/","og_locale":"en_US","og_type":"article","og_description":"Kebab Casablanca 1er berliner kebap du maroc distributeur de b\u00f6nheur d\u00f6ner kebap Restaurant .","og_url":"https:\/\/bonheurkebap.ma\/","og_site_name":"bonheur berliner kebap.","article_publisher":"https:\/\/www.facebook.com\/bonheurkebap","article_modified_time":"2024-11-30T11:16:02+00:00","twitter_card":"summary_large_image","twitter_misc":{"Est. reading time":"1 minute"},"schema":{"@context":"https:\/\/schema.org","@graph":[{"@type":"WebPage","@id":"https:\/\/bonheurkebap.ma\/","url":"https:\/\/bonheurkebap.ma\/","name":"- bonheur berliner kebap.","isPartOf":{"@id":"https:\/\/bonheurkebap.ma\/#website"},"datePublished":"2020-04-13T11:18:54+00:00","dateModified":"2024-11-30T11:16:02+00:00","description":"Kebab Casablanca 1er berliner kebap du maroc distributeur de b\u00f6nheur d\u00f6ner kebap Restaurant .","inLanguage":"en-US","potentialAction":[{"@type":"ReadAction","target":["https:\/\/bonheurkebap.ma\/"]}]},{"@type":"WebSite","@id":"https:\/\/bonheurkebap.ma\/#website","url":"https:\/\/bonheurkebap.ma\/","name":"bonheur berliner kebap.","description":"b\u00f6nheur berliner kebap","publisher":{"@id":"https:\/\/bonheurkebap.ma\/#organization"},"potentialAction":[{"@type":"SearchAction","target":{"@type":"EntryPoint","urlTemplate":"https:\/\/bonheurkebap.ma\/?s={search_term_string}"},"query-input":"required name=search_term_string"}],"inLanguage":"en-US"},{"@type":"Organization","@id":"https:\/\/bonheurkebap.ma\/#organization","name":"Bonheur Kebap","url":"https:\/\/bonheurkebap.ma\/","logo":{"@type":"ImageObject","inLanguage":"en-US","@id":"https:\/\/bonheurkebap.ma\/#\/schema\/logo\/image\/","url":"https:\/\/bonheurkebap.ma\/wp-content\/uploads\/2022\/02\/cropped-logo-bonheur_page-0001-1-3.jpg","contentUrl":"https:\/\/bonheurkebap.ma\/wp-content\/uploads\/2022\/02\/cropped-logo-bonheur_page-0001-1-3.jpg","width":782,"height":262,"caption":"Bonheur Kebap"},"image":{"@id":"https:\/\/bonheurkebap.ma\/#\/schema\/logo\/image\/"},"sameAs":["https:\/\/www.facebook.com\/bonheurkebap","https:\/\/www.instagram.com\/bonheurkebap"]}]}},"_links":{"self":[{"href":"https:\/\/bonheurkebap.ma\/index.php?rest_route=\/wp\/v2\/pages\/30","targetHints":{"allow":["GET"]}}],"collection":[{"href":"https:\/\/bonheurkebap.ma\/index.php?rest_route=\/wp\/v2\/pages"}],"about":[{"href":"https:\/\/bonheurkebap.ma\/index.php?rest_route=\/wp\/v2\/types\/page"}],"author":[{"embeddable":true,"href":"https:\/\/bonheurkebap.ma\/index.php?rest_route=\/wp\/v2\/users\/1"}],"replies":[{"embeddable":true,"href":"https:\/\/bonheurkebap.ma\/index.php?rest_route=%2Fwp%2Fv2%2Fcomments&post=30"}],"version-history":[{"count":556,"href":"https:\/\/bonheurkebap.ma\/index.php?rest_route=\/wp\/v2\/pages\/30\/revisions"}],"predecessor-version":[{"id":2110,"href":"https:\/\/bonheurkebap.ma\/index.php?rest_route=\/wp\/v2\/pages\/30\/revisions\/2110"}],"wp:attachment":[{"href":"https:\/\/bonheurkebap.ma\/index.php?rest_route=%2Fwp%2Fv2%2Fmedia&parent=30"}],"curies":[{"name":"wp","href":"https:\/\/api.w.org\/{rel}","templated":true}]}}